{"id":15,"date":"2023-12-20T15:16:56","date_gmt":"2023-12-20T15:16:56","guid":{"rendered":"https:\/\/web4.rkinformatika.net\/ciclosbalboa\/?page_id=15"},"modified":"2023-12-20T15:22:21","modified_gmt":"2023-12-20T15:22:21","slug":"accesibilidad","status":"publish","type":"page","link":"https:\/\/ciclosbalboa.com\/eus\/accesibilidad\/","title":{"rendered":"Irisgarritasuna"},"content":{"rendered":"<style>.elementor-15 .elementor-element.elementor-element-6c3d92ac{--display:flex;}<\/style>\t\t<div data-elementor-type=\"wp-page\" data-elementor-id=\"15\" class=\"elementor elementor-15\" data-elementor-post-type=\"page\">\n\t\t\t\t<div class=\"elementor-element elementor-element-6c3d92ac e-flex e-con-boxed e-con e-parent\" data-id=\"6c3d92ac\" data-element_type=\"container\" data-e-type=\"container\">\n\t\t\t\t\t<div class=\"e-con-inner\">\n\t\t\t\t<div class=\"elementor-element elementor-element-c8656d9 elementor-widget elementor-widget-text-editor\" data-id=\"c8656d9\" data-element_type=\"widget\" data-e-type=\"widget\" data-widget_type=\"text-editor.default\">\n\t\t\t\t<div class=\"elementor-widget-container\">\n\t\t\t\t\t\t\t\t\t\n<h1 class=\"western\"><span style=\"color: #666666;\"><span style=\"font-family: Helvetica 65 Medium, sans-serif;\"><span style=\"font-size: x-large;\"><b>ACCESIBILIDAD<\/b><\/span><\/span><\/span><\/h1>\n<p><span style=\"color: #666666;\"><span style=\"font-family: Roboto, serif;\"><span style=\"font-size: small;\"><span lang=\"es-ES-u-co-trad\"><i><b>Ciclos Balboa<\/b><\/i><\/span><\/span><\/span><\/span><span style=\"color: #666666;\"><span style=\"font-family: Helvetica 65 Medium, sans-serif;\"><span style=\"font-size: small;\"> se ha comprometido a hacer accesible su sitio web, de conformidad con el\u00a0<\/span><\/span><\/span><a href=\"https:\/\/www.boe.es\/diario_boe\/txt.php?id=BOE-A-2018-12699\" target=\"_blank\" rel=\"noopener\"><span style=\"color: #ff0000;\"><span style=\"font-family: Helvetica 65 Medium, sans-serif;\"><span style=\"font-size: small;\">Real Decreto 1112\/2018, de 7 de septiembre, sobre accesibilidad de los sitios web y aplicaciones para dispositivos m\u00f3viles del sector p\u00fablico.<\/span><\/span><\/span><\/a><\/p>\n<p><span style=\"color: #666666;\"><span style=\"font-family: Helvetica 65 Medium, sans-serif;\"><span style=\"font-size: small;\">La presente declaraci\u00f3n de accesibilidad se aplica al sitio web <b>https:\/\/<\/b><span style=\"font-family: Roboto, serif;\"><span lang=\"es-ES-u-co-trad\"><b>ciclosbalboa <\/b><\/span><\/span><span style=\"font-family: Roboto, serif;\"><span lang=\"es-ES-u-co-trad\"><b>.<\/b><\/span><\/span><span style=\"font-family: Roboto, serif;\"><span lang=\"es-ES-u-co-trad\"><b>com<\/b><\/span><\/span><b>\/<\/b><\/span><\/span><\/span><\/p>\n<h2 class=\"western\"><span style=\"color: #666666;\"><span style=\"font-family: Helvetica 65 Medium, sans-serif;\">Situaci\u00f3n de cumplimiento<\/span><\/span><\/h2>\n<p><span style=\"color: #666666;\"><span style=\"font-family: Helvetica 65 Medium, sans-serif;\"><span style=\"font-size: small;\">Este sitio web es parcialmente conforme con el\u00a0<\/span><\/span><\/span><a href=\"https:\/\/www.boe.es\/diario_boe\/txt.php?id=BOE-A-2018-12699\" target=\"_blank\" rel=\"noopener\"><span style=\"color: #ff0000;\"><span style=\"font-family: Helvetica 65 Medium, sans-serif;\"><span style=\"font-size: small;\">RD 1112\/2018<\/span><\/span><\/span><\/a><span style=\"color: #ff0000;\"><span style=\"font-family: Helvetica 65 Medium, sans-serif;\"><span style=\"font-size: small;\">.<\/span><\/span><\/span><\/p>\n<h2 class=\"western\"><span style=\"color: #666666;\"><span style=\"font-family: Helvetica 65 Medium, sans-serif;\">Preparaci\u00f3n para la siguiente declaraci\u00f3n de accesibilidad<\/span><\/span><\/h2>\n<p><span style=\"color: #666666;\"><span style=\"font-family: Helvetica 65 Medium, sans-serif;\"><span style=\"font-size: small;\">La presente declaraci\u00f3n fue preparada el <b>20<\/b><b> de <\/b><b>Diciembre<\/b><b> de 2023.<\/b><\/span><\/span><\/span><\/p>\n<p><span style=\"color: #666666;\"><span style=\"font-family: Helvetica 65 Medium, sans-serif;\"><span style=\"font-size: small;\">El m\u00e9todo empleado para preparar la declaraci\u00f3n ha sido una autoevaluaci\u00f3n llevada a cabo por el propio organismo.<\/span><\/span><\/span><\/p>\n<p><span style=\"color: #666666;\"><span style=\"font-family: Helvetica 65 Medium, sans-serif;\"><span style=\"font-size: small;\">Observaciones y datos de contacto<\/span><\/span><\/span><\/p>\n<p><span style=\"color: #666666;\"><span style=\"font-family: Helvetica 65 Medium, sans-serif;\"><span style=\"font-size: small;\">Puede realizar comunicaciones sobre requisitos de accesibilidad (art\u00edculo 10.2.a del RD 1112\/2018) como, por ejemplo:<\/span><\/span><\/span><\/p>\n<ul>\n<li>\n<p><span style=\"color: #666666;\"><span style=\"font-family: Helvetica 65 Medium, sans-serif;\"><span style=\"font-size: small;\">Informar sobre cualquier posible incumplimiento por parte de este sitio web<\/span><\/span><\/span><\/p>\n<\/li>\n<li>\n<p><span style=\"color: #666666;\"><span style=\"font-family: Helvetica 65 Medium, sans-serif;\"><span style=\"font-size: small;\">Transmitir otras dificultades de acceso al contenido<\/span><\/span><\/span><\/p>\n<\/li>\n<li>\n<p><span style=\"color: #666666;\"><span style=\"font-family: Helvetica 65 Medium, sans-serif;\"><span style=\"font-size: small;\">Formular cualquier otra consulta o sugerencia de mejora relativa a la accesibilidad del sitio web<\/span><\/span><\/span><\/p>\n<\/li>\n<\/ul>\n<p><span style=\"color: #666666;\"><span style=\"font-family: Helvetica 65 Medium, sans-serif;\"><span style=\"font-size: small;\">a trav\u00e9s del\u00a0formulario de contacto de este sitio web o a trav\u00e9s del n\u00famero de tel\u00e9fono (+34) <span style=\"font-family: Roboto, serif;\"><span lang=\"es-ES-u-co-trad\"><b>94 465 58 58<\/b><\/span><\/span>.<\/span><\/span><\/span><\/p>\n<p><span style=\"color: #666666;\"><span style=\"font-family: Helvetica 65 Medium, sans-serif;\"><span style=\"font-size: small;\">Puede presentar:<\/span><\/span><\/span><\/p>\n<ul>\n<li>\n<p><span style=\"color: #666666;\"><span style=\"font-family: Helvetica 65 Medium, sans-serif;\"><span style=\"font-size: small;\">Queja relativa al cumplimiento de los requisitos del RD 1112\/2018 o<\/span><\/span><\/span><\/p>\n<\/li>\n<li>\n<p><span style=\"color: #666666;\"><span style=\"font-family: Helvetica 65 Medium, sans-serif;\"><span style=\"font-size: small;\">Solicitud de Informaci\u00f3n accesible relativa a:<\/span><\/span><\/span><\/p>\n<ul>\n<li>\n<p><span style=\"color: #666666;\"><span style=\"font-family: Helvetica 65 Medium, sans-serif;\"><span style=\"font-size: small;\">Contenidos que est\u00e1n excluidos del \u00e1mbito de aplicaci\u00f3n del RD 1112\/2018 seg\u00fan lo establecido por el art\u00edculo 3, apartado 4<\/span><\/span><\/span><\/p>\n<\/li>\n<li>\n<p><span style=\"color: #666666;\"><span style=\"font-family: Helvetica 65 Medium, sans-serif;\"><span style=\"font-size: small;\">Contenidos que est\u00e1n exentos del cumplimiento de los requisitos de accesibilidad por imponer una carga desproporcionada<\/span><\/span><\/span><\/p>\n<\/li>\n<\/ul>\n<\/li>\n<\/ul>\n<p><span style=\"color: #666666;\"><span style=\"font-family: Helvetica 65 Medium, sans-serif;\"><span style=\"font-size: small;\">En la Solicitud de informaci\u00f3n accesible, se debe concretar, con toda claridad, los hechos, razones y petici\u00f3n que permitan constatar que se trata de una solicitud razonable y leg\u00edtima.<\/span><\/span><\/span><\/p>\n<p><span style=\"color: #666666;\"><span style=\"font-family: Helvetica 65 Medium, sans-serif;\"><span style=\"font-size: small;\">Las quejas y reclamaciones sobre informaci\u00f3n accesible se realizar\u00e1n a trav\u00e9s de la sede electr\u00f3nica (<b>https:\/\/ <\/b><span style=\"font-family: Roboto, serif;\"><span lang=\"es-ES-u-co-trad\"><b>ciclosbalboa<\/b><\/span><\/span><b>.com\/contacto\/<\/b>), y ser\u00e1n recibidas y tratadas por el \u00e1rea de Sistemas de la Informaci\u00f3n de <span style=\"font-family: Roboto, serif;\"><span lang=\"es-ES-u-co-trad\"><i><b>Ciclos Balboa<\/b><\/i><\/span><\/span>.<\/span><\/span><\/span><\/p>\n<h2 class=\"western\"><span style=\"color: #666666;\"><span style=\"font-family: Helvetica 65 Medium, sans-serif;\">Contenido opcional<\/span><\/span><\/h2>\n<p><span style=\"color: #666666;\"><span style=\"font-family: Helvetica 65 Medium, sans-serif;\"><span style=\"font-size: small;\">Este portal est\u00e1 dise\u00f1ado para poder cambiar el tama\u00f1o del texto y el color, as\u00ed como el fondo de la p\u00e1gina mediante las opciones de configuraci\u00f3n est\u00e1ndar de los navegadores.<\/span><\/span><\/span><\/p>\n<p><span style=\"color: #666666;\"><span style=\"font-family: Helvetica 65 Medium, sans-serif;\"><span style=\"font-size: small;\">Si desea cambiar el tama\u00f1o de letra del texto en los principales navegadores gr\u00e1ficos utilice los siguientes men\u00fas:<\/span><\/span><\/span><\/p>\n<ul>\n<li>\n<p><span style=\"color: #666666;\"><span style=\"font-family: Helvetica 65 Medium, sans-serif;\"><span style=\"font-size: small;\">Internet Explorer, Mozilla y Firefox: Ver &gt; Tama\u00f1o del texto<\/span><\/span><\/span><\/p>\n<\/li>\n<li>\n<p><span style=\"color: #666666;\"><span style=\"font-family: Helvetica 65 Medium, sans-serif;\"><span style=\"font-size: small;\">Opera: Ver &gt; Zoom<\/span><\/span><\/span><\/p>\n<\/li>\n<li>\n<p><span style=\"color: #666666;\"><span style=\"font-family: Helvetica 65 Medium, sans-serif;\"><span style=\"font-size: small;\">Safari: Ver &gt; Hacer el texto m\u00e1s grande<\/span><\/span><\/span><\/p>\n<\/li>\n<li>\n<p><span style=\"color: #666666;\"><span style=\"font-family: Helvetica 65 Medium, sans-serif;\"><span style=\"font-size: small;\">Chrome: Controla la p\u00e1gina actual &gt; Tama\u00f1o del texto<\/span><\/span><\/span><\/p>\n<\/li>\n<li>\n<p><span style=\"color: #666666;\"><span style=\"font-family: Helvetica 65 Medium, sans-serif;\"><span style=\"font-size: small;\">Para modificar el tama\u00f1o de todo en la p\u00e1gina:<\/span><\/span><\/span><\/p>\n<ul>\n<li>\n<p><span style=\"color: #666666;\"><span style=\"font-family: Helvetica 65 Medium, sans-serif;\"><span style=\"font-size: small;\">Ctrl + + para aumentarlo<\/span><\/span><\/span><\/p>\n<\/li>\n<li>\n<p><span style=\"color: #666666;\"><span style=\"font-family: Helvetica 65 Medium, sans-serif;\"><span style=\"font-size: small;\">Ctrl + \u2013 para disminuirlo<\/span><\/span><\/span><\/p>\n<\/li>\n<li>\n<p><span style=\"color: #666666;\"><span style=\"font-family: Helvetica 65 Medium, sans-serif;\"><span style=\"font-size: small;\">Ctrl + 0 restaura el tama\u00f1o original del texto<\/span><\/span><\/span><\/p>\n<\/li>\n<li>\n<p><span style=\"color: #666666;\"><span style=\"font-family: Helvetica 65 Medium, sans-serif;\"><span style=\"font-size: small;\">Si lo que quiere es anular la hoja de estilos o modificar el color del texto, puede consultar la p\u00e1gina\u00a0<span lang=\"en-US\">How to Change Text Size or Colors de la WAI<\/span>, que se puede leer traducida al espa\u00f1ol en \u00bfC\u00f3mo cambiar el tama\u00f1o del texto o colores?<\/span><\/span><\/span><\/p>\n<\/li>\n<\/ul>\n<\/li>\n<\/ul>\n\t\t\t\t\t\t\t\t<\/div>\n\t\t\t\t<\/div>\n\t\t\t\t\t<\/div>\n\t\t\t\t<\/div>\n\t\t\t\t<\/div>","protected":false},"excerpt":{"rendered":"<p>ACCESIBILIDAD Ciclos Balboa se ha comprometido a hacer accesible su sitio web, de conformidad con el\u00a0Real Decreto 1112\/2018, de 7 de septiembre, sobre accesibilidad de los sitios web y aplicaciones para dispositivos m\u00f3viles del sector p\u00fablico. La presente declaraci\u00f3n de accesibilidad se aplica al sitio web https:\/\/ciclosbalboa .com\/ Situaci\u00f3n de cumplimiento Este sitio web es [&hellip;]<\/p>\n","protected":false},"author":1,"featured_media":14,"parent":0,"menu_order":0,"comment_status":"closed","ping_status":"closed","template":"elementor_canvas","meta":{"footnotes":""},"class_list":["post-15","page","type-page","status-publish","has-post-thumbnail","hentry"],"yoast_head":"<!-- This site is optimized with the Yoast SEO plugin v27.3 - https:\/\/yoast.com\/product\/yoast-seo-wordpress\/ -->\n<title>Accesibilidad - Ciclos Balboa<\/title>\n<meta name=\"robots\" content=\"index, follow, max-snippet:-1, max-image-preview:large, max-video-preview:-1\" \/>\n<link rel=\"canonical\" href=\"https:\/\/ciclosbalboa.com\/eus\/accesibilidad\/\" \/>\n<meta property=\"og:locale\" content=\"en_US\" \/>\n<meta property=\"og:type\" content=\"article\" \/>\n<meta property=\"og:title\" content=\"Accesibilidad - Ciclos Balboa\" \/>\n<meta property=\"og:description\" content=\"ACCESIBILIDAD Ciclos Balboa se ha comprometido a hacer accesible su sitio web, de conformidad con el\u00a0Real Decreto 1112\/2018, de 7 de septiembre, sobre accesibilidad de los sitios web y aplicaciones para dispositivos m\u00f3viles del sector p\u00fablico. La presente declaraci\u00f3n de accesibilidad se aplica al sitio web https:\/\/ciclosbalboa .com\/ Situaci\u00f3n de cumplimiento Este sitio web es [&hellip;]\" \/>\n<meta property=\"og:url\" content=\"https:\/\/ciclosbalboa.com\/eus\/accesibilidad\/\" \/>\n<meta property=\"og:site_name\" content=\"Ciclos Balboa\" \/>\n<meta property=\"article:modified_time\" content=\"2023-12-20T15:22:21+00:00\" \/>\n<meta property=\"og:image\" content=\"https:\/\/ciclosbalboa.com\/wp-content\/uploads\/2023\/12\/Diseno-sin-titulo-23.png\" \/>\n\t<meta property=\"og:image:width\" content=\"1563\" \/>\n\t<meta property=\"og:image:height\" content=\"1563\" \/>\n\t<meta property=\"og:image:type\" content=\"image\/png\" \/>\n<meta name=\"twitter:card\" content=\"summary_large_image\" \/>\n<meta name=\"twitter:label1\" content=\"Est. reading time\" \/>\n\t<meta name=\"twitter:data1\" content=\"1 minutua\" \/>\n<script type=\"application\/ld+json\" class=\"yoast-schema-graph\">{\"@context\":\"https:\\\/\\\/schema.org\",\"@graph\":[{\"@type\":\"WebPage\",\"@id\":\"https:\\\/\\\/ciclosbalboa.com\\\/accesibilidad\\\/\",\"url\":\"https:\\\/\\\/ciclosbalboa.com\\\/accesibilidad\\\/\",\"name\":\"Accesibilidad - Ciclos Balboa\",\"isPartOf\":{\"@id\":\"https:\\\/\\\/ciclosbalboa.com\\\/#website\"},\"primaryImageOfPage\":{\"@id\":\"https:\\\/\\\/ciclosbalboa.com\\\/accesibilidad\\\/#primaryimage\"},\"image\":{\"@id\":\"https:\\\/\\\/ciclosbalboa.com\\\/accesibilidad\\\/#primaryimage\"},\"thumbnailUrl\":\"https:\\\/\\\/ciclosbalboa.com\\\/wp-content\\\/uploads\\\/2023\\\/12\\\/Diseno-sin-titulo-23.png\",\"datePublished\":\"2023-12-20T15:16:56+00:00\",\"dateModified\":\"2023-12-20T15:22:21+00:00\",\"breadcrumb\":{\"@id\":\"https:\\\/\\\/ciclosbalboa.com\\\/accesibilidad\\\/#breadcrumb\"},\"inLanguage\":\"eu\",\"potentialAction\":[{\"@type\":\"ReadAction\",\"target\":[\"https:\\\/\\\/ciclosbalboa.com\\\/accesibilidad\\\/\"]}]},{\"@type\":\"ImageObject\",\"inLanguage\":\"eu\",\"@id\":\"https:\\\/\\\/ciclosbalboa.com\\\/accesibilidad\\\/#primaryimage\",\"url\":\"https:\\\/\\\/ciclosbalboa.com\\\/wp-content\\\/uploads\\\/2023\\\/12\\\/Diseno-sin-titulo-23.png\",\"contentUrl\":\"https:\\\/\\\/ciclosbalboa.com\\\/wp-content\\\/uploads\\\/2023\\\/12\\\/Diseno-sin-titulo-23.png\",\"width\":1563,\"height\":1563},{\"@type\":\"BreadcrumbList\",\"@id\":\"https:\\\/\\\/ciclosbalboa.com\\\/accesibilidad\\\/#breadcrumb\",\"itemListElement\":[{\"@type\":\"ListItem\",\"position\":1,\"name\":\"Portada\",\"item\":\"https:\\\/\\\/ciclosbalboa.com\\\/\"},{\"@type\":\"ListItem\",\"position\":2,\"name\":\"Accesibilidad\"}]},{\"@type\":\"WebSite\",\"@id\":\"https:\\\/\\\/ciclosbalboa.com\\\/#website\",\"url\":\"https:\\\/\\\/ciclosbalboa.com\\\/\",\"name\":\"Ciclos Balboa\",\"description\":\"\",\"publisher\":{\"@id\":\"https:\\\/\\\/ciclosbalboa.com\\\/#organization\"},\"potentialAction\":[{\"@type\":\"SearchAction\",\"target\":{\"@type\":\"EntryPoint\",\"urlTemplate\":\"https:\\\/\\\/ciclosbalboa.com\\\/?s={search_term_string}\"},\"query-input\":{\"@type\":\"PropertyValueSpecification\",\"valueRequired\":true,\"valueName\":\"search_term_string\"}}],\"inLanguage\":\"eu\"},{\"@type\":\"Organization\",\"@id\":\"https:\\\/\\\/ciclosbalboa.com\\\/#organization\",\"name\":\"Ciclos Balboa\",\"url\":\"https:\\\/\\\/ciclosbalboa.com\\\/\",\"logo\":{\"@type\":\"ImageObject\",\"inLanguage\":\"eu\",\"@id\":\"https:\\\/\\\/ciclosbalboa.com\\\/#\\\/schema\\\/logo\\\/image\\\/\",\"url\":\"https:\\\/\\\/ciclosbalboa.com\\\/wp-content\\\/uploads\\\/2023\\\/12\\\/cropped-Ciclos-Balboa.jpg\",\"contentUrl\":\"https:\\\/\\\/ciclosbalboa.com\\\/wp-content\\\/uploads\\\/2023\\\/12\\\/cropped-Ciclos-Balboa.jpg\",\"width\":851,\"height\":315,\"caption\":\"Ciclos Balboa\"},\"image\":{\"@id\":\"https:\\\/\\\/ciclosbalboa.com\\\/#\\\/schema\\\/logo\\\/image\\\/\"}}]}<\/script>\n<!-- \/ Yoast SEO plugin. -->","yoast_head_json":{"title":"Accesibilidad - Ciclos Balboa","robots":{"index":"index","follow":"follow","max-snippet":"max-snippet:-1","max-image-preview":"max-image-preview:large","max-video-preview":"max-video-preview:-1"},"canonical":"https:\/\/ciclosbalboa.com\/eus\/accesibilidad\/","og_locale":"en_US","og_type":"article","og_title":"Accesibilidad - Ciclos Balboa","og_description":"ACCESIBILIDAD Ciclos Balboa se ha comprometido a hacer accesible su sitio web, de conformidad con el\u00a0Real Decreto 1112\/2018, de 7 de septiembre, sobre accesibilidad de los sitios web y aplicaciones para dispositivos m\u00f3viles del sector p\u00fablico. La presente declaraci\u00f3n de accesibilidad se aplica al sitio web https:\/\/ciclosbalboa .com\/ Situaci\u00f3n de cumplimiento Este sitio web es [&hellip;]","og_url":"https:\/\/ciclosbalboa.com\/eus\/accesibilidad\/","og_site_name":"Ciclos Balboa","article_modified_time":"2023-12-20T15:22:21+00:00","og_image":[{"width":1563,"height":1563,"url":"https:\/\/ciclosbalboa.com\/wp-content\/uploads\/2023\/12\/Diseno-sin-titulo-23.png","type":"image\/png"}],"twitter_card":"summary_large_image","twitter_misc":{"Est. reading time":"1 minutua"},"schema":{"@context":"https:\/\/schema.org","@graph":[{"@type":"WebPage","@id":"https:\/\/ciclosbalboa.com\/accesibilidad\/","url":"https:\/\/ciclosbalboa.com\/accesibilidad\/","name":"Accesibilidad - Ciclos Balboa","isPartOf":{"@id":"https:\/\/ciclosbalboa.com\/#website"},"primaryImageOfPage":{"@id":"https:\/\/ciclosbalboa.com\/accesibilidad\/#primaryimage"},"image":{"@id":"https:\/\/ciclosbalboa.com\/accesibilidad\/#primaryimage"},"thumbnailUrl":"https:\/\/ciclosbalboa.com\/wp-content\/uploads\/2023\/12\/Diseno-sin-titulo-23.png","datePublished":"2023-12-20T15:16:56+00:00","dateModified":"2023-12-20T15:22:21+00:00","breadcrumb":{"@id":"https:\/\/ciclosbalboa.com\/accesibilidad\/#breadcrumb"},"inLanguage":"eu","potentialAction":[{"@type":"ReadAction","target":["https:\/\/ciclosbalboa.com\/accesibilidad\/"]}]},{"@type":"ImageObject","inLanguage":"eu","@id":"https:\/\/ciclosbalboa.com\/accesibilidad\/#primaryimage","url":"https:\/\/ciclosbalboa.com\/wp-content\/uploads\/2023\/12\/Diseno-sin-titulo-23.png","contentUrl":"https:\/\/ciclosbalboa.com\/wp-content\/uploads\/2023\/12\/Diseno-sin-titulo-23.png","width":1563,"height":1563},{"@type":"BreadcrumbList","@id":"https:\/\/ciclosbalboa.com\/accesibilidad\/#breadcrumb","itemListElement":[{"@type":"ListItem","position":1,"name":"Portada","item":"https:\/\/ciclosbalboa.com\/"},{"@type":"ListItem","position":2,"name":"Accesibilidad"}]},{"@type":"WebSite","@id":"https:\/\/ciclosbalboa.com\/#website","url":"https:\/\/ciclosbalboa.com\/","name":"Ciclos Balboa","description":"","publisher":{"@id":"https:\/\/ciclosbalboa.com\/#organization"},"potentialAction":[{"@type":"SearchAction","target":{"@type":"EntryPoint","urlTemplate":"https:\/\/ciclosbalboa.com\/?s={search_term_string}"},"query-input":{"@type":"PropertyValueSpecification","valueRequired":true,"valueName":"search_term_string"}}],"inLanguage":"eu"},{"@type":"Organization","@id":"https:\/\/ciclosbalboa.com\/#organization","name":"Ciclos Balboa","url":"https:\/\/ciclosbalboa.com\/","logo":{"@type":"ImageObject","inLanguage":"eu","@id":"https:\/\/ciclosbalboa.com\/#\/schema\/logo\/image\/","url":"https:\/\/ciclosbalboa.com\/wp-content\/uploads\/2023\/12\/cropped-Ciclos-Balboa.jpg","contentUrl":"https:\/\/ciclosbalboa.com\/wp-content\/uploads\/2023\/12\/cropped-Ciclos-Balboa.jpg","width":851,"height":315,"caption":"Ciclos Balboa"},"image":{"@id":"https:\/\/ciclosbalboa.com\/#\/schema\/logo\/image\/"}}]}},"_links":{"self":[{"href":"https:\/\/ciclosbalboa.com\/eus\/wp-json\/wp\/v2\/pages\/15","targetHints":{"allow":["GET"]}}],"collection":[{"href":"https:\/\/ciclosbalboa.com\/eus\/wp-json\/wp\/v2\/pages"}],"about":[{"href":"https:\/\/ciclosbalboa.com\/eus\/wp-json\/wp\/v2\/types\/page"}],"author":[{"embeddable":true,"href":"https:\/\/ciclosbalboa.com\/eus\/wp-json\/wp\/v2\/users\/1"}],"replies":[{"embeddable":true,"href":"https:\/\/ciclosbalboa.com\/eus\/wp-json\/wp\/v2\/comments?post=15"}],"version-history":[{"count":4,"href":"https:\/\/ciclosbalboa.com\/eus\/wp-json\/wp\/v2\/pages\/15\/revisions"}],"predecessor-version":[{"id":28,"href":"https:\/\/ciclosbalboa.com\/eus\/wp-json\/wp\/v2\/pages\/15\/revisions\/28"}],"wp:featuredmedia":[{"embeddable":true,"href":"https:\/\/ciclosbalboa.com\/eus\/wp-json\/wp\/v2\/media\/14"}],"wp:attachment":[{"href":"https:\/\/ciclosbalboa.com\/eus\/wp-json\/wp\/v2\/media?parent=15"}],"curies":[{"name":"wp","href":"https:\/\/api.w.org\/{rel}","templated":true}]}}